{"id":156,"date":"2020-08-27T14:06:28","date_gmt":"2020-08-27T14:06:28","guid":{"rendered":"http:\/\/fahrschule-kdl.com\/?page_id=156"},"modified":"2026-04-21T16:25:02","modified_gmt":"2026-04-21T16:25:02","slug":"impressum","status":"publish","type":"page","link":"http:\/\/fahrschule-kdl.com\/?page_id=156","title":{"rendered":"Impressum"},"content":{"rendered":"<div class=\"flex_column av_one_full  flex_column_div av-zero-column-padding first  avia-builder-el-0  avia-builder-el-no-sibling  \" style='border-radius:0px; '><section class=\"av_textblock_section \"  itemscope=\"itemscope\" itemtype=\"https:\/\/schema.org\/CreativeWork\" ><div class='avia_textblock  '   itemprop=\"text\" ><div>Verwaltung:<\/div>\n<div>\n<p>Fahrschule KDL GmbH Bad Essen<br \/>\nBerliner Stra\u00dfe 29<br \/>\n32361 Pr. Oldendorf<br \/>\nTel: 05741 2306690<br \/>\nFax: 05741 2308870<br \/>\nMail: info(at)fahrschule-kdl.de<br \/>\nWeb: www.fahrschule-kdl.de<\/p>\n<p>Verantwortlich f\u00fcr den Inhalt dieser Seite: Frank Truschkowski<\/p>\n<\/div>\n<div><\/div>\n<div>Fahrschule KDL GmbH Bad Essen<br \/>\nSteubenstra\u00dfe 12<br \/>\n32312 L\u00fcbbecke<\/div>\n<div>Tel: 05741 2306690<br \/>\nFax: 05741 2308870<br \/>\nMail: info(at)fahrschule-kdl.de<br \/>\nWeb: www.fahrschule-kdl.de<\/div>\n<div>Gesch\u00e4ftsf\u00fchrer: Klaus-Dieter Lindemann<br \/>\nVerantwortlicher Leiter: A. Patzelt<\/div>\n<div>Registergericht: Osnabr\u00fcck<br \/>\nRegisternummer: HRB 207426<br \/>\nzust\u00e4ndige Kammer: IHK Bielefeld<br \/>\nSteuer-Nr.: 331\/5709\/1339<br \/>\nUmsatzsteuer-Ident-Nummer: DE290165487<\/div>\n<div>Zust\u00e4ndige Aufsichtsbeh\u00f6rde:<\/div>\n<div>Stra\u00dfenverkehrsamt Minden-L\u00fcbbecke<br \/>\nPortastra\u00dfe 21<br \/>\n32423 Minden<\/div>\n<div><\/div>\n<div>Fahrerlaubnisbeh\u00f6rde:<\/div>\n<div>Landkreis Osnabr\u00fcck<br \/>\nAm Sch\u00f6lerberg 1<br \/>\n49082 Osnabr\u00fcck<\/div>\n<div><\/div>\n<div><\/div>\n<div>HAFTUNGSAUSSCHLUSS<\/div>\n<div>1. Inhalt des Onlineangebotes<\/div>\n<div>Der Autor \u00fcbernimmt keinerlei Gew\u00e4hr f\u00fcr die Aktualit\u00e4t, Korrektheit, Vollst\u00e4ndigkeit oder Qualit\u00e4t der bereitgestellten Informationen. Haftungsanspr\u00fcche gegen den Autor, welche sich auf Sch\u00e4den materieller oder ideeller Art beziehen, die durch die Nutzung oder Nichtnutzung der dargebotenen Informationen bzw. durch die Nutzung fehlerhafter und unvollst\u00e4ndiger Informationen verursacht wurden, sind grunds\u00e4tzlich ausgeschlossen, sofern seitens des Autors kein nachweislich vors\u00e4tzliches oder grob fahrl\u00e4ssiges Verschulden vorliegt. Alle Angebote sind freibleibend und unverbindlich. Der Autor beh\u00e4lt es sich ausdr\u00fccklich vor, Teile der Seiten oder das gesamte Angebot ohne gesonderte Ank\u00fcndigung zu ver\u00e4ndern, zu erg\u00e4nzen, zu l\u00f6schen oder die Ver\u00f6ffentlichung zeitweise oder endg\u00fcltig einzustellen.<\/div>\n<div>2. Verweise und Links<\/div>\n<div>Bei direkten oder indirekten Verweisen auf fremde Webseiten (\u201eHyperlinks\u201c), die au\u00dferhalb des Verantwortungsbereiches des Autors liegen, w\u00fcrde eine Haftungsverpflichtung ausschlie\u00dflich in dem Fall in Kraft treten, in dem der Autor von den Inhalten Kenntnis hat und es ihm technisch m\u00f6glich und zumutbar w\u00e4re, die Nutzung im Falle rechtswidriger Inhalte zu verhindern. Der Autor erkl\u00e4rt hiermit ausdr\u00fccklich, dass zum Zeitpunkt der Linksetzung keine illegalen Inhalte auf den zu verlinkenden Seiten erkennbar waren. Auf die aktuelle und zuk\u00fcnftige Gestaltung, die Inhalte oder die Urheberschaft der verlinkten\/verkn\u00fcpften Seiten hat der Autor keinerlei Einfluss. Deshalb distanziert er sich hiermit ausdr\u00fccklich von allen Inhalten aller verlinkten \/verkn\u00fcpften Seiten, die nach der Linksetzung ver\u00e4ndert wurden. Diese Feststellung gilt f\u00fcr alle innerhalb des eigenen Internetangebotes gesetzten Links und Verweise sowie f\u00fcr Fremdeintr\u00e4ge in vom Autor eingerichteten G\u00e4steb\u00fcchern, Diskussionsforen, Linkverzeichnissen, Mailinglisten und in allen anderen Formen von Datenbanken, auf deren Inhalt externe Schreibzugriffe m\u00f6glich sind. F\u00fcr illegale, fehlerhafte oder unvollst\u00e4ndige Inhalte und insbesondere f\u00fcr Sch\u00e4den, die aus der Nutzung oder Nichtnutzung solcherart dargebotener Informationen entstehen, haftet allein der Anbieter der Seite, auf welche verwiesen wurde, nicht derjenige, der \u00fcber Links auf die jeweilige Ver\u00f6ffentlichung lediglich verweist.<\/div>\n<div>3. Urheber- und Kennzeichenrecht<\/div>\n<div>Der Autor ist bestrebt, in allen Publikationen die Urheberrechte der verwendeten Bilder, Grafiken, Tondokumente, Videosequenzen und Texte zu beachten, von ihm selbst erstellte Bilder, Grafiken, Tondokumente, Videosequenzen und Texte zu nutzen oder auf lizenzfreie Grafiken, Tondokumente, Videosequenzen und Texte zur\u00fcckzugreifen. Alle innerhalb des Internetangebotes genannten und ggf. durch Dritte gesch\u00fctzten Marken- und Warenzeichen unterliegen uneingeschr\u00e4nkt den Bestimmungen des jeweils g\u00fcltigen Kennzeichenrechts und den Besitzrechten der jeweiligen eingetragenen Eigent\u00fcmer. Allein aufgrund der blo\u00dfen Nennung ist nicht der Schluss zu ziehen, dass Markenzeichen nicht durch Rechte Dritter gesch\u00fctzt sind! Das Copyright f\u00fcr ver\u00f6ffentlichte, vom Autor selbst erstellte Objekte bleibt allein beim Autor der Seiten. Eine Vervielf\u00e4ltigung oder Verwendung solcher Grafiken, Tondokumente, Videosequenzen und Texte in anderen elektronischen oder gedruckten Publikationen ist ohne ausdr\u00fcckliche Zustimmung des Autors nicht gestattet.<\/div>\n<div>4. Rechtswirksamkeit dieses Haftungsausschlusses<\/div>\n<div>Dieser Haftungsausschluss ist als Teil des Internetangebotes zu betrachten, von dem aus auf diese Seite verwiesen wurde. Sofern Teile oder einzelne Formulierungen dieses Textes der geltenden Rechtslage nicht, nicht mehr oder nicht vollst\u00e4ndig entsprechen sollten, bleiben die \u00fcbrigen Teile des Dokumentes in ihrem Inhalt und ihrer G\u00fcltigkeit davon unber\u00fchrt.<\/div>\n<div><\/div>\n<div>Bildnachweis \u2013 Quelle: www.fotolia.com<\/div>\n<div>\u2022 <a title=\"Patient at the physiotherapy\" href=\"http:\/\/de.fotolia.com\/id\/30820236\" target=\"_blank\" rel=\"noopener noreferrer\">Patient at the physiotherapy<\/a> <em>\u00a9 Kzenon<\/em><br \/>\n\u2022 <a title=\"Team-Konzept\" href=\"http:\/\/de.fotolia.com\/id\/49051395\" target=\"_blank\" rel=\"noopener noreferrer\">Team-Konzept<\/a> <em>\u00a9 Photo-K<\/em><br \/>\n\u2022 <a title=\"Fahrzeug\" href=\"http:\/\/de.fotolia.com\/id\/15693467\" target=\"_blank\" rel=\"noopener noreferrer\">Fahrzeug<\/a> <em>\u00a9 roadrunner<\/em><br \/>\n\u2022 <a title=\"Konferenzraum\" href=\"http:\/\/de.fotolia.com\/id\/13079719\" target=\"_blank\" rel=\"noopener noreferrer\">Konferenzraum<\/a> <em>\u00a9 Pixelwolf<\/em><br \/>\n\u2022 <a title=\"Eintrag im Kalender: Weiterbildung\" href=\"http:\/\/de.fotolia.com\/id\/46755948\" target=\"_blank\" rel=\"noopener noreferrer\">Eintrag im Kalender: Weiterbildung<\/a> <em>\u00a9 Gina Sanders<\/em><br \/>\n\u2022 <a title=\"LKW auf der Autobahn\" href=\"http:\/\/de.fotolia.com\/id\/43708163\" target=\"_blank\" rel=\"noopener noreferrer\">LKW auf der Autobahn<\/a> <em>\u00a9 thomaslerchphoto<\/em><br \/>\n\u2022 <a title=\"Senior im Auto\" href=\"http:\/\/de.fotolia.com\/id\/41157431\" target=\"_blank\" rel=\"noopener noreferrer\">Senior im Auto<\/a> <em>\u00a9 bilderstoeckchen<\/em><br \/>\n\u2022 <a title=\"Polizei\" href=\"http:\/\/de.fotolia.com\/id\/20066965\" target=\"_blank\" rel=\"noopener noreferrer\">Polizei<\/a> <em>\u00a9 klickerminth<\/em><br \/>\n\u2022 <a title=\"MPU bestanden\" href=\"http:\/\/de.fotolia.com\/id\/12179486\" target=\"_blank\" rel=\"noopener noreferrer\">MPU bestanden<\/a> <em>\u00a9 ehrenberg-bilder<\/em><br \/>\n\u2022 <a title=\"Studentin liegt mit dem Laptop auf dem Sofa\" href=\"http:\/\/de.fotolia.com\/id\/49613993\" target=\"_blank\" rel=\"noopener noreferrer\">Studentin liegt mit dem Laptop auf dem Sofa<\/a> <em>\u00a9 Picture-Factory<\/em><br \/>\n\u2022 <a title=\"Fahrschule\" href=\"http:\/\/de.fotolia.com\/id\/27227909\" target=\"_blank\" rel=\"noopener noreferrer\">Fahrschule <\/a><em>\u00a9 Luftbildfotograf<\/em><br \/>\n\u2022 <a title=\"20.11.11 Daumen hoch F\u00fchrerschein\" href=\"http:\/\/de.fotolia.com\/id\/37308994\" target=\"_blank\" rel=\"noopener noreferrer\">20.11.11 Daumen hoch F\u00fchrerschein<\/a> <em>\u00a9 shootingankauf<\/em><br \/>\n\u2022 <a title=\"Key delivery between customer and mechanic in front of new car\" href=\"http:\/\/de.fotolia.com\/id\/39507088\" target=\"_blank\" rel=\"noopener noreferrer\">Key delivery between customer and mechanic<\/a> <em>\u00a9 Karin &amp; Uwe Annas<\/em><br \/>\n\u2022 <a title=\"3 Teens 31.10.12\" href=\"http:\/\/de.fotolia.com\/id\/46292428\" target=\"_blank\" rel=\"noopener noreferrer\">3 Teens 31.10.12<\/a> <em>\u00a9 klickerminth<\/em><br \/>\n\u2022 <a title=\"Attraktive junge Frau\" href=\"http:\/\/de.fotolia.com\/id\/33456140\" target=\"_blank\" rel=\"noopener noreferrer\">Attraktive junge Frau<\/a> <em>\u00a9 Kaarsten<\/em><br \/>\n\u2022 <a title=\"Motor Vehicles\" href=\"http:\/\/de.fotolia.com\/id\/39403574\" target=\"_blank\" rel=\"noopener noreferrer\">Motor Vehicles<\/a> <em>\u00a9 lassedesignen<\/em><br \/>\n\u2022 <a title=\"Fahrschule\" href=\"http:\/\/de.fotolia.com\/id\/10901833\" target=\"_blank\" rel=\"noopener noreferrer\">Fahrschule<\/a> <em>\u00a9 Onidji<\/em><br \/>\n\u2022 <a title=\"F\u00fchrerschein mit 17 - Gold\" href=\"http:\/\/de.fotolia.com\/id\/24761541\" target=\"_blank\" rel=\"noopener noreferrer\">F\u00fchrerschein mit 17 \u2013 Gold<\/a> <em>\u00a9 styleuneed<\/em><br \/>\n\u2022 <a title=\"Wir suchen Verst\u00e4rkung\" href=\"http:\/\/de.fotolia.com\/id\/38883787\" target=\"_blank\" rel=\"noopener noreferrer\">Wir suchen Verst\u00e4rkung<\/a> <em>\u00a9 Photo-K \u2013 Fotolia.com<\/em><br \/>\n\u2022 <a title=\"Grunge Stempel rot WIR SUCHEN VERST\u00c4RKUNG\" href=\"http:\/\/de.fotolia.com\/id\/32720835\" target=\"_blank\" rel=\"noopener noreferrer\">Grunge Stempel rot WIR SUCHEN VERST\u00c4RKUNG<\/a> <em>\u00a9 Daniel Ernst \u2013 Fotolia.com<\/em><br \/>\n\u2022 <a title=\"Attraktives M\u00e4dchen\" href=\"http:\/\/de.fotolia.com\/id\/46839078\" target=\"_blank\" rel=\"noopener noreferrer\">Attraktives M\u00e4dchen<\/a> <em>\u00a9 Kaarsten \u2013 Fotolia.com<\/em><br \/>\n\u2022 <a title=\"Trucks\" href=\"http:\/\/de.fotolia.com\/id\/40613036\" target=\"_blank\" rel=\"noopener noreferrer\">Trucks<\/a> <em>\u00a9 Val Thoermer<\/em><br \/>\n\u2022 <a title=\"Nachschulung vs F\u00fchrerschein\" href=\"http:\/\/de.fotolia.com\/id\/44554633\" target=\"_blank\" rel=\"noopener noreferrer\">Nachschulung vs F\u00fchrerschein<\/a> <em>\u00a9 matthias21<\/em><br \/>\n\u2022 <a title=\"Polizeikelle\" href=\"http:\/\/de.fotolia.com\/id\/45841049\" target=\"_blank\" rel=\"noopener noreferrer\">Polizist h\u00e4lt Polizeikelle vor Polizeiauto<\/a> <em>\u00a9 Picture-Factory<\/em><br \/>\n\u2022 <a title=\"Gesch\u00e4ftsfrau steht neben dem Flipchart\" href=\"http:\/\/de.fotolia.com\/id\/57845867\" target=\"_blank\" rel=\"noopener noreferrer\">Gesch\u00e4ftsfrau steht neben dem Flipchart<\/a> <em>\u00a9 contrastwerkstatt<\/em><br \/>\n\u2022 <a title=\"Junge Frau mit Autoschl\u00fcssel\" href=\"http:\/\/de.fotolia.com\/id\/47034997\" target=\"_blank\" rel=\"noopener noreferrer\">Junge Frau mit Autoschl\u00fcssel<\/a> <em>\u00a9 Dan Race<\/em><br \/>\n\u2022 <a title=\"Bus and truck in motion blur on the highway\" href=\"http:\/\/de.fotolia.com\/id\/69578186\" target=\"_blank\" rel=\"noopener noreferrer\">Bus and truck in motion blur on the highway<\/a> <em>\u00a9 rasica<\/em><br \/>\n\u2022 <a title=\"Fun ride.\" href=\"http:\/\/de.fotolia.com\/id\/71264194\" target=\"_blank\" rel=\"noopener noreferrer\">Fun ride.<\/a> <em>\u00a9 gstockstudio<\/em><\/div>\n<div>Bildnachweis \u2013 Quelle: www.pixelio.de<\/div>\n<div>\u2022 <a title=\"Laptop Business\" href=\"http:\/\/www.pixelio.de\/media\/459887\" target=\"_blank\" rel=\"noopener noreferrer\">Laptop Business<\/a> <em>\u00a9 Marko Greitschus <\/em><br \/>\n\u2022 <a title=\"Puzzle 1\" href=\"http:\/\/www.pixelio.de\/media\/442788\" target=\"_blank\" rel=\"noopener noreferrer\">Puzzle 1<\/a> <em>\u00a9 Willi Heidelbach<\/em><\/div>\n<\/div><\/section><\/div>\n","protected":false},"excerpt":{"rendered":"","protected":false},"author":1,"featured_media":0,"parent":0,"menu_order":50,"comment_status":"closed","ping_status":"closed","template":"","meta":{"_themeisle_gutenberg_block_has_review":false,"footnotes":""},"class_list":["post-156","page","type-page","status-publish","hentry"],"_links":{"self":[{"href":"http:\/\/fahrschule-kdl.com\/index.php?rest_route=\/wp\/v2\/pages\/156","targetHints":{"allow":["GET"]}}],"collection":[{"href":"http:\/\/fahrschule-kdl.com\/index.php?rest_route=\/wp\/v2\/pages"}],"about":[{"href":"http:\/\/fahrschule-kdl.com\/index.php?rest_route=\/wp\/v2\/types\/page"}],"author":[{"embeddable":true,"href":"http:\/\/fahrschule-kdl.com\/index.php?rest_route=\/wp\/v2\/users\/1"}],"replies":[{"embeddable":true,"href":"http:\/\/fahrschule-kdl.com\/index.php?rest_route=%2Fwp%2Fv2%2Fcomments&post=156"}],"version-history":[{"count":6,"href":"http:\/\/fahrschule-kdl.com\/index.php?rest_route=\/wp\/v2\/pages\/156\/revisions"}],"predecessor-version":[{"id":890,"href":"http:\/\/fahrschule-kdl.com\/index.php?rest_route=\/wp\/v2\/pages\/156\/revisions\/890"}],"wp:attachment":[{"href":"http:\/\/fahrschule-kdl.com\/index.php?rest_route=%2Fwp%2Fv2%2Fmedia&parent=156"}],"curies":[{"name":"wp","href":"https:\/\/api.w.org\/{rel}","templated":true}]}}