{"id":172,"date":"2020-08-27T14:49:11","date_gmt":"2020-08-27T14:49:11","guid":{"rendered":"http:\/\/fahrschule-kdl.com\/?page_id=172"},"modified":"2020-09-01T09:29:49","modified_gmt":"2020-09-01T09:29:49","slug":"ferienfahrschule","status":"publish","type":"page","link":"http:\/\/fahrschule-kdl.com\/?page_id=172","title":{"rendered":"Ferienfahrschule"},"content":{"rendered":"<div class=\"flex_column av_one_full  flex_column_div av-zero-column-padding first  avia-builder-el-0  el_before_av_one_full  avia-builder-el-first  \" style='border-radius:0px; '><div   data-size='entry_without_sidebar'  data-lightbox_size='large'  data-animation='slide'  data-conditional_play=''  data-ids='223'  data-video_counter='0'  data-autoplay='false'  data-bg_slider='false'  data-slide_height=''  data-handle='av_slideshow'  data-interval='5'  data-class=' avia-builder-el-1  avia-builder-el-no-sibling  '  data-el_id=''  data-css_id=''  data-scroll_down=''  data-control_layout='av-control-default'  data-custom_markup=''  data-perma_caption=''  data-autoplay_stopper=''  data-image_attachment=''  data-min_height='0px'  data-lazy_loading='disabled'  data-default-height='34.95867768595'  class='avia-slideshow avia-slideshow-1  av-control-default av-default-height-applied avia-slideshow-entry_without_sidebar av_slideshow  avia-builder-el-1  avia-builder-el-no-sibling   avia-slide-slider '  itemprop=\"image\" itemscope=\"itemscope\" itemtype=\"https:\/\/schema.org\/ImageObject\" ><ul class='avia-slideshow-inner ' style='padding-bottom: 31.25%;' ><li  class=' av-single-slide slide-1 ' ><div data-rel='slideshow-1' class='avia-slide-wrap '   ><img decoding=\"async\" class=\"wp-image-223 avia-img-lazy-loading-not-223\"  src=\"http:\/\/fahrschule-kdl.com\/wp-content\/uploads\/2020\/08\/featured_header_seiten_ferienfahrschule.jpg\" width=\"960\" height=\"300\" title='featured_header_seiten_ferienfahrschule' alt=''  itemprop=\"thumbnailUrl\" srcset=\"http:\/\/fahrschule-kdl.com\/wp-content\/uploads\/2020\/08\/featured_header_seiten_ferienfahrschule.jpg 960w, http:\/\/fahrschule-kdl.com\/wp-content\/uploads\/2020\/08\/featured_header_seiten_ferienfahrschule-300x94.jpg 300w, http:\/\/fahrschule-kdl.com\/wp-content\/uploads\/2020\/08\/featured_header_seiten_ferienfahrschule-768x240.jpg 768w, http:\/\/fahrschule-kdl.com\/wp-content\/uploads\/2020\/08\/featured_header_seiten_ferienfahrschule-705x220.jpg 705w\" sizes=\"(max-width: 960px) 100vw, 960px\" \/><\/div><\/li><\/ul><\/div><\/div><div class=\"flex_column av_one_full  flex_column_div av-zero-column-padding first  avia-builder-el-2  el_after_av_one_full  avia-builder-el-last  column-top-margin\" style='border-radius:0px; '><section class=\"av_textblock_section \"  itemscope=\"itemscope\" itemtype=\"https:\/\/schema.org\/CreativeWork\" ><div class='avia_textblock  '   itemprop=\"text\" ><p>Aufgrund der konzentrierten und gewissenhaften Unterrichtseinheiten, ist eine F\u00fchrerscheinausbildung binnen kurzer Zeit -in ca. 10 Tagen- m\u00f6glich.<br \/>\nVoraussetzung daf\u00fcr ist nat\u00fcrlich immer das Erreichen der vom Gesetzgeber vorgeschriebenen Mindestanzahl an Praxis- und Theoriestunden, der gesetzlichen Bestimmungen und der Flei\u00df und die Bereitschaft des Teilnehmers zu lernen.<\/p>\n<p>Der theoretische Unterricht wird t\u00e4glich mit zwei Einheiten zu je 90 Minuten absolviert. Die praktischen Fahrstunden finden ebenfalls t\u00e4glich statt und werden individuell angepasst, so dass Fortschritte erkannt, weiter ausgebaut und gefestigt werden k\u00f6nnen. Dadurch ist es uns m\u00f6glich, den Teilnehmer in kurzer Zeit gezielt auf die Pr\u00fcfung vorzubereiten.Bei der Vermittlung oder Buchung von Hotel, Ferienwohnung, Zimmer usw., sind wir unseren Fahrsch\u00fclern nat\u00fcrlich gerne behilflich.<\/p>\n<p><strong>Wichtig f\u00fcr alle Ferien-Fahrschul-Kursteilnehmer:<\/strong><br \/>\nBen\u00f6tigte Unterlagen wie Passbild, Sehtest und Sofortma\u00dfnahmen am Unfallort m\u00fcssen rechtzeitig bei uns eingereicht werden, da die zust\u00e4ndigen Beh\u00f6rden eine Zeit von ca. vier bis sechs Wochen f\u00fcr den Verwaltungsaufwand ben\u00f6tigen.<\/p>\n<\/div><\/section><\/div><\/p>\n","protected":false},"excerpt":{"rendered":"","protected":false},"author":1,"featured_media":0,"parent":178,"menu_order":12,"comment_status":"closed","ping_status":"closed","template":"","meta":{"_themeisle_gutenberg_block_has_review":false,"footnotes":""},"class_list":["post-172","page","type-page","status-publish","hentry"],"_links":{"self":[{"href":"http:\/\/fahrschule-kdl.com\/index.php?rest_route=\/wp\/v2\/pages\/172","targetHints":{"allow":["GET"]}}],"collection":[{"href":"http:\/\/fahrschule-kdl.com\/index.php?rest_route=\/wp\/v2\/pages"}],"about":[{"href":"http:\/\/fahrschule-kdl.com\/index.php?rest_route=\/wp\/v2\/types\/page"}],"author":[{"embeddable":true,"href":"http:\/\/fahrschule-kdl.com\/index.php?rest_route=\/wp\/v2\/users\/1"}],"replies":[{"embeddable":true,"href":"http:\/\/fahrschule-kdl.com\/index.php?rest_route=%2Fwp%2Fv2%2Fcomments&post=172"}],"version-history":[{"count":2,"href":"http:\/\/fahrschule-kdl.com\/index.php?rest_route=\/wp\/v2\/pages\/172\/revisions"}],"predecessor-version":[{"id":224,"href":"http:\/\/fahrschule-kdl.com\/index.php?rest_route=\/wp\/v2\/pages\/172\/revisions\/224"}],"up":[{"embeddable":true,"href":"http:\/\/fahrschule-kdl.com\/index.php?rest_route=\/wp\/v2\/pages\/178"}],"wp:attachment":[{"href":"http:\/\/fahrschule-kdl.com\/index.php?rest_route=%2Fwp%2Fv2%2Fmedia&parent=172"}],"curies":[{"name":"wp","href":"https:\/\/api.w.org\/{rel}","templated":true}]}}