{"id":174,"date":"2020-08-27T14:49:38","date_gmt":"2020-08-27T14:49:38","guid":{"rendered":"http:\/\/fahrschule-kdl.com\/?page_id=174"},"modified":"2020-09-01T09:54:03","modified_gmt":"2020-09-01T09:54:03","slug":"fahrschulwechsel","status":"publish","type":"page","link":"http:\/\/fahrschule-kdl.com\/?page_id=174","title":{"rendered":"Fahrschulwechsel"},"content":{"rendered":"<div class=\"flex_column av_one_full  flex_column_div av-zero-column-padding first  avia-builder-el-0  el_before_av_one_full  avia-builder-el-first  \" style='border-radius:0px; '><div   data-size='entry_without_sidebar'  data-lightbox_size='large'  data-animation='slide'  data-conditional_play=''  data-ids='228'  data-video_counter='0'  data-autoplay='false'  data-bg_slider='false'  data-slide_height=''  data-handle='av_slideshow'  data-interval='5'  data-class=' avia-builder-el-1  avia-builder-el-no-sibling  '  data-el_id=''  data-css_id=''  data-scroll_down=''  data-control_layout='av-control-default'  data-custom_markup=''  data-perma_caption=''  data-autoplay_stopper=''  data-image_attachment=''  data-min_height='0px'  data-lazy_loading='disabled'  data-default-height='34.95867768595'  class='avia-slideshow avia-slideshow-1  av-control-default av-default-height-applied avia-slideshow-entry_without_sidebar av_slideshow  avia-builder-el-1  avia-builder-el-no-sibling   avia-slide-slider '  itemprop=\"image\" itemscope=\"itemscope\" itemtype=\"https:\/\/schema.org\/ImageObject\" ><ul class='avia-slideshow-inner ' style='padding-bottom: 31.25%;' ><li  class=' av-single-slide slide-1 ' ><div data-rel='slideshow-1' class='avia-slide-wrap '   ><img decoding=\"async\" class=\"wp-image-228 avia-img-lazy-loading-not-228\"  src=\"http:\/\/fahrschule-kdl.com\/wp-content\/uploads\/2020\/08\/featured_header_seiten_fahrschulwechsel.jpg\" width=\"960\" height=\"300\" title='featured_header_seiten_fahrschulwechsel' alt=''  itemprop=\"thumbnailUrl\" srcset=\"http:\/\/fahrschule-kdl.com\/wp-content\/uploads\/2020\/08\/featured_header_seiten_fahrschulwechsel.jpg 960w, http:\/\/fahrschule-kdl.com\/wp-content\/uploads\/2020\/08\/featured_header_seiten_fahrschulwechsel-300x94.jpg 300w, http:\/\/fahrschule-kdl.com\/wp-content\/uploads\/2020\/08\/featured_header_seiten_fahrschulwechsel-768x240.jpg 768w, http:\/\/fahrschule-kdl.com\/wp-content\/uploads\/2020\/08\/featured_header_seiten_fahrschulwechsel-705x220.jpg 705w\" sizes=\"(max-width: 960px) 100vw, 960px\" \/><\/div><\/li><\/ul><\/div><\/div>\n<div class=\"flex_column av_one_full  flex_column_div av-zero-column-padding first  avia-builder-el-2  el_after_av_one_full  avia-builder-el-last  column-top-margin\" style='border-radius:0px; '><section class=\"av_textblock_section \"  itemscope=\"itemscope\" itemtype=\"https:\/\/schema.org\/CreativeWork\" ><div class='avia_textblock  '   itemprop=\"text\" ><div>Es gibt viele Argumente warum und wieso Du die Fahrschule wechseln m\u00f6chtest:<br \/>\n\u2022 Du bist mit dem Verhalten Deines Fahrlehrers nicht einverstanden?<br \/>\n\u2022 Du f\u00fchlst Dich nicht wohl?<br \/>\n\u2022 Du f\u00fchlst Dich nicht gut beraten?<br \/>\n\u2022 Du machst wenig Fortschritte?<br \/>\n\u2022 Deine F\u00fchrerscheinkosten steigen ins unermessliche<br \/>\n\u2022 usw.<\/div>\n<div>Deine bisherige Fahrschule <strong>muss<\/strong> Dir Deinen \u201eaktuellen Ausbildungsstand\u201c aush\u00e4ndigen. Sie ist <strong>dazu verpflichtet<\/strong>, Dir eine <strong>Ausbildungsbescheinigung<\/strong> \u00fcber Deine bisher abgeleisteten Theorie- und Praxisstunden, auszuh\u00e4ndigen.<\/div>\n<div>Mit dieser Bescheinigung kommst Du einfach zu uns, oder Du rufst uns an. Gemeinsam besprechen wir dann, wie viele Fahrstunden und theoretische Unterrichtseinheiten Du schon absolviert hast. Du musst nicht von vorne beginnen!<\/div>\n<div>Gleichzeitig stellen wir dann zusammen einen \u201eAntrag zum Fahrschulwechsel\u201c der beim T\u00dcV eingereicht werden muss. Hier wird dann vom T\u00dcV eine Geb\u00fchr f\u00fcr die Umtragung berechnet.<\/div>\n<div><strong>Du hast noch weitere Fragen? Dann ruf uns an, wir informieren Dich gerne!<\/strong><\/div>\n<\/div><\/section><\/div>\n","protected":false},"excerpt":{"rendered":"","protected":false},"author":1,"featured_media":0,"parent":178,"menu_order":14,"comment_status":"closed","ping_status":"closed","template":"","meta":{"_themeisle_gutenberg_block_has_review":false,"footnotes":""},"class_list":["post-174","page","type-page","status-publish","hentry"],"_links":{"self":[{"href":"http:\/\/fahrschule-kdl.com\/index.php?rest_route=\/wp\/v2\/pages\/174","targetHints":{"allow":["GET"]}}],"collection":[{"href":"http:\/\/fahrschule-kdl.com\/index.php?rest_route=\/wp\/v2\/pages"}],"about":[{"href":"http:\/\/fahrschule-kdl.com\/index.php?rest_route=\/wp\/v2\/types\/page"}],"author":[{"embeddable":true,"href":"http:\/\/fahrschule-kdl.com\/index.php?rest_route=\/wp\/v2\/users\/1"}],"replies":[{"embeddable":true,"href":"http:\/\/fahrschule-kdl.com\/index.php?rest_route=%2Fwp%2Fv2%2Fcomments&post=174"}],"version-history":[{"count":3,"href":"http:\/\/fahrschule-kdl.com\/index.php?rest_route=\/wp\/v2\/pages\/174\/revisions"}],"predecessor-version":[{"id":303,"href":"http:\/\/fahrschule-kdl.com\/index.php?rest_route=\/wp\/v2\/pages\/174\/revisions\/303"}],"up":[{"embeddable":true,"href":"http:\/\/fahrschule-kdl.com\/index.php?rest_route=\/wp\/v2\/pages\/178"}],"wp:attachment":[{"href":"http:\/\/fahrschule-kdl.com\/index.php?rest_route=%2Fwp%2Fv2%2Fmedia&parent=174"}],"curies":[{"name":"wp","href":"https:\/\/api.w.org\/{rel}","templated":true}]}}