{"id":230,"date":"2020-08-31T12:26:07","date_gmt":"2020-08-31T12:26:07","guid":{"rendered":"http:\/\/fahrschule-kdl.com\/?page_id=230"},"modified":"2020-09-01T09:26:51","modified_gmt":"2020-09-01T09:26:51","slug":"mpu-beratung","status":"publish","type":"page","link":"http:\/\/fahrschule-kdl.com\/?page_id=230","title":{"rendered":"MPU-Beratung"},"content":{"rendered":"<div class=\"flex_column av_one_full  flex_column_div av-zero-column-padding first  avia-builder-el-0  el_before_av_one_full  avia-builder-el-first  \" style='border-radius:0px; '><div   data-size='entry_without_sidebar'  data-lightbox_size='large'  data-animation='slide'  data-conditional_play=''  data-ids='231'  data-video_counter='0'  data-autoplay='false'  data-bg_slider='false'  data-slide_height=''  data-handle='av_slideshow'  data-interval='5'  data-class=' avia-builder-el-1  avia-builder-el-no-sibling  '  data-el_id=''  data-css_id=''  data-scroll_down=''  data-control_layout='av-control-default'  data-custom_markup=''  data-perma_caption=''  data-autoplay_stopper=''  data-image_attachment=''  data-min_height='0px'  data-lazy_loading='disabled'  data-default-height='34.95867768595'  class='avia-slideshow avia-slideshow-1  av-control-default av-default-height-applied avia-slideshow-entry_without_sidebar av_slideshow  avia-builder-el-1  avia-builder-el-no-sibling   avia-slide-slider '  itemprop=\"image\" itemscope=\"itemscope\" itemtype=\"https:\/\/schema.org\/ImageObject\" ><ul class='avia-slideshow-inner ' style='padding-bottom: 31.25%;' ><li  class=' av-single-slide slide-1 ' ><div data-rel='slideshow-1' class='avia-slide-wrap '   ><img decoding=\"async\" class=\"wp-image-231 avia-img-lazy-loading-not-231\"  src=\"http:\/\/fahrschule-kdl.com\/wp-content\/uploads\/2020\/08\/featured_header_mpu.jpg\" width=\"960\" height=\"300\" title='featured_header_mpu' alt=''  itemprop=\"thumbnailUrl\" srcset=\"http:\/\/fahrschule-kdl.com\/wp-content\/uploads\/2020\/08\/featured_header_mpu.jpg 960w, http:\/\/fahrschule-kdl.com\/wp-content\/uploads\/2020\/08\/featured_header_mpu-300x94.jpg 300w, http:\/\/fahrschule-kdl.com\/wp-content\/uploads\/2020\/08\/featured_header_mpu-768x240.jpg 768w, http:\/\/fahrschule-kdl.com\/wp-content\/uploads\/2020\/08\/featured_header_mpu-705x220.jpg 705w\" sizes=\"(max-width: 960px) 100vw, 960px\" \/><\/div><\/li><\/ul><\/div><\/div>\n<div class=\"flex_column av_one_full  flex_column_div av-zero-column-padding first  avia-builder-el-2  el_after_av_one_full  avia-builder-el-last  column-top-margin\" style='border-radius:0px; '><section class=\"av_textblock_section \"  itemscope=\"itemscope\" itemtype=\"https:\/\/schema.org\/CreativeWork\" ><div class='avia_textblock  '   itemprop=\"text\" ><div>Die MPU (Medizinisch-Psychologische Untersuchung) gibt es bereits seit 1954 und dient den Fahrerlaubnisbeh\u00f6rden als Entscheidungshilfe \u00fcber die Entziehung und\/oder Neuvergabe der Fahrerlaubnis. Die m\u00f6glichen Ursachen f\u00fcr einen Verlust k\u00f6nnten z.B. folgende sein:<\/div>\n<div>\n<ul>\n<li>Punktekonto \u00fcberschritten<\/li>\n<li>Alkoholkonsum<\/li>\n<li>Drogeneinfluss<\/li>\n<li>Medikamentenmissbrauch<\/li>\n<li>andere Straftaten<\/li>\n<\/ul>\n<\/div>\n<div>Sie sind auff\u00e4llig geworden und suchen jetzt nach Informationen zum Thema MPU-Beratung? Sie suchen Unterst\u00fctzung, damit Sie sich vorbereiten k\u00f6nnen? Sie haben noch mehr Fragen\u2026?<\/div>\n<div>Dann \u00fcberlassen Sie Ihren F\u00fchrerschein nicht dem Zufall!<\/div>\n<div>Eine MPU ist in den mei\u00dften F\u00e4llen eine schwierige H\u00fcrde, daher sollte man sich gut darauf vorbereiten. In jedem Fall ist eine individuelle Beratung absolut Pflicht, denn ein \u201eSchema-F\u201c gibt es bei einem MPU-Test nicht.<\/div>\n<div><\/div>\n<div><\/div>\n<div class=\"testi-entry dark\">Wir haben die Informationen die Sie brauchen, wir bieten Ihnen Hilfe rund um das Thema medizinisch-psychologische Untersuchung und wir liefern Ihnen wertvolle Tipps zum erfolgreichen Bestehen.<\/div>\n<\/div><\/section><\/div>\n","protected":false},"excerpt":{"rendered":"","protected":false},"author":1,"featured_media":0,"parent":0,"menu_order":20,"comment_status":"closed","ping_status":"closed","template":"","meta":{"_themeisle_gutenberg_block_has_review":false,"footnotes":""},"class_list":["post-230","page","type-page","status-publish","hentry"],"_links":{"self":[{"href":"http:\/\/fahrschule-kdl.com\/index.php?rest_route=\/wp\/v2\/pages\/230","targetHints":{"allow":["GET"]}}],"collection":[{"href":"http:\/\/fahrschule-kdl.com\/index.php?rest_route=\/wp\/v2\/pages"}],"about":[{"href":"http:\/\/fahrschule-kdl.com\/index.php?rest_route=\/wp\/v2\/types\/page"}],"author":[{"embeddable":true,"href":"http:\/\/fahrschule-kdl.com\/index.php?rest_route=\/wp\/v2\/users\/1"}],"replies":[{"embeddable":true,"href":"http:\/\/fahrschule-kdl.com\/index.php?rest_route=%2Fwp%2Fv2%2Fcomments&post=230"}],"version-history":[{"count":2,"href":"http:\/\/fahrschule-kdl.com\/index.php?rest_route=\/wp\/v2\/pages\/230\/revisions"}],"predecessor-version":[{"id":233,"href":"http:\/\/fahrschule-kdl.com\/index.php?rest_route=\/wp\/v2\/pages\/230\/revisions\/233"}],"wp:attachment":[{"href":"http:\/\/fahrschule-kdl.com\/index.php?rest_route=%2Fwp%2Fv2%2Fmedia&parent=230"}],"curies":[{"name":"wp","href":"https:\/\/api.w.org\/{rel}","templated":true}]}}