{"id":321,"date":"2020-09-01T11:03:24","date_gmt":"2020-09-01T11:03:24","guid":{"rendered":"http:\/\/fahrschule-kdl.com\/?page_id=321"},"modified":"2024-01-11T09:46:40","modified_gmt":"2024-01-11T09:46:40","slug":"fahrschueler-info","status":"publish","type":"page","link":"http:\/\/fahrschule-kdl.com\/?page_id=321","title":{"rendered":"Fahrsch\u00fcler Info"},"content":{"rendered":"<div class=\"flex_column av_one_full  flex_column_div av-zero-column-padding first  avia-builder-el-0  avia-builder-el-no-sibling  \" style='border-radius:0px; '><p><section class=\"av_textblock_section \"  itemscope=\"itemscope\" itemtype=\"https:\/\/schema.org\/CreativeWork\" ><div class='avia_textblock  '   itemprop=\"text\" ><p><strong>Fahren-Lernen Max mit Driverscam<\/strong><\/p>\n<p>Ihr bekommt ein komplettes Lernset mit Buch. Die Zugangsdaten bekommt\u00a0Ihr mit dem Lernpaket oder Online zugesandt. Bei dieser App k\u00f6nnt Ihr den gef\u00fchrten Lernweg\u00a0absolvieren. Wenn Ihr den Pokal seht, seid Ihr fit f\u00fcr die Theoriepr\u00fcfung.\u00a0Driversacam zeigt Euch die schwierigen Stellen von Eurem Pr\u00fcfort per Video und mit\u00a0Erkl\u00e4rung. Schaut Euch die Videos an und lernt schon vor den Fahrstunden die Schwierigkeiten. Ein\u00a0weiteres Feature ist die Abteilung Dokumente. Da k\u00f6nnt Ihr Eure absolvierten Theorie- und\u00a0Fahrstunden sehen, sowie auch Eure n\u00e4chsten Termine f\u00fcr die Fahrstunden.<\/p>\n<\/div><\/section><br \/>\n<div  style='height:30px' class='hr hr-invisible   avia-builder-el-2  el_after_av_textblock  el_before_av_hr '><span class='hr-inner ' ><span class='hr-inner-style'><\/span><\/span><\/div><br \/>\n<div  style='height:30px' class='hr hr-invisible   avia-builder-el-3  el_after_av_hr  el_before_av_textblock '><span class='hr-inner ' ><span class='hr-inner-style'><\/span><\/span><\/div><br \/>\n<section class=\"av_textblock_section \"  itemscope=\"itemscope\" itemtype=\"https:\/\/schema.org\/CreativeWork\" ><div class='avia_textblock  '   itemprop=\"text\" ><p><strong>Antragstellung<\/strong><\/p>\n<p>F\u00fcr den Antrag ben\u00f6tigen wir:<\/p>\n<p>\u2022 Erste Hilfe Schein<\/p>\n<p>\u2022 Biometrisches Pa\u00dfbild<\/p>\n<p>\u2022 Sehtest<\/p>\n<p>\u2022 Bei BF17 die Unterlagen der Begleitpersonen (Anlage 1 und 2 zum F\u00fchrerscheinantrag)<\/p>\n<p>\u2022 Bei Erweiterungen werden noch Kopien vom Personalausweis und F\u00fchrerschein Ben\u00f6tigt<\/p>\n<p>\u2022\u00a0F\u00fcr die Klassen C und D ben\u00f6tigen wir ein betriebs\u00e4rztliches Gutachten<\/p>\n<p>Sobald Alle Unterlagen zusammen sind kann der Antrag zum \u00f6rtlichen Amt<\/p>\n<\/div><\/section><br \/>\n<div  style='height:30px' class='hr hr-invisible   avia-builder-el-5  el_after_av_textblock  el_before_av_textblock '><span class='hr-inner ' ><span class='hr-inner-style'><\/span><\/span><\/div><br \/>\n<section class=\"av_textblock_section \"  itemscope=\"itemscope\" itemtype=\"https:\/\/schema.org\/CreativeWork\" ><div class='avia_textblock  '   itemprop=\"text\" ><p><strong>Unterrichte und Zeiten<\/strong><\/p>\n<p>findet Ihr auf unsere Internetseite unter\u00a0<a href=\"http:\/\/fahrschule-kdl.com\/?page_id=168\">http:\/\/fahrschule-kdl.com\/?page_id=168<\/a><\/p>\n<\/div><\/section><br \/>\n<div  style='height:30px' class='hr hr-invisible   avia-builder-el-7  el_after_av_textblock  el_before_av_textblock '><span class='hr-inner ' ><span class='hr-inner-style'><\/span><\/span><\/div><br \/>\n<section class=\"av_textblock_section \"  itemscope=\"itemscope\" itemtype=\"https:\/\/schema.org\/CreativeWork\" ><div class='avia_textblock  '   itemprop=\"text\" ><p><strong>B\u00fcro<\/strong><\/p>\n<p>Unsere \u00d6ffnungszeiten:<\/p>\n<p>Montag bis Donnerstag 13.00 bis 16.30 Uhr<\/p>\n<p>Freitag nach Vereinbarung<\/p>\n<p>Telefon: 05741 2306690<\/p>\n<\/div><\/section><br \/>\n<div  style='height:30px' class='hr hr-invisible   avia-builder-el-9  el_after_av_textblock  el_before_av_textblock '><span class='hr-inner ' ><span class='hr-inner-style'><\/span><\/span><\/div><br \/>\n<section class=\"av_textblock_section \"  itemscope=\"itemscope\" itemtype=\"https:\/\/schema.org\/CreativeWork\" ><div class='avia_textblock  '   itemprop=\"text\" ><p><strong>Fahrsch\u00fcler T\u00dcV APP und T\u00dcV Geb\u00fchren<\/strong><\/p>\n<p>Bitte ladet Euch die Fahrsch\u00fcler T\u00dcV APP herunter. In dieser APP findet Ihr alles rund um den T\u00dcV und die Pr\u00fcfung. Ihr k\u00f6nnt dort Eure Pr\u00fcfergebnisse, Rechnungen, Zahlungen und Pr\u00fcftermine einsehen.<\/p>\n<p><a href=\"http:\/\/www.tuev-nord.de\/de\/privatkunden\/verkehr\/fuehrerschein\/fahrschueler-app\">www.tuev-nord.de\/de\/privatkunden\/verkehr\/fuehrerschein\/fahrschueler-app\/<\/a><\/p>\n<p>Vor der theoretischen und praktischen Pr\u00fcfung m\u00fcssen die <strong>T\u00dcV Rechnungen<\/strong> beglichen sein.<\/p>\n<\/div><\/section><br \/>\n<div  style='height:30px' class='hr hr-invisible   avia-builder-el-11  el_after_av_textblock  el_before_av_textblock '><span class='hr-inner ' ><span class='hr-inner-style'><\/span><\/span><\/div><br \/>\n<section class=\"av_textblock_section \"  itemscope=\"itemscope\" itemtype=\"https:\/\/schema.org\/CreativeWork\" ><div class='avia_textblock  '   itemprop=\"text\" ><p><strong>Pr\u00fcfung<\/strong><\/p>\n<p>Zu jeder Pr\u00fcfung ist ein G\u00fcltiger Ausweis mitzubringen.<\/p>\n<\/div><\/section><\/p><\/div>\n","protected":false},"excerpt":{"rendered":"","protected":false},"author":1,"featured_media":0,"parent":178,"menu_order":15,"comment_status":"closed","ping_status":"closed","template":"","meta":{"_themeisle_gutenberg_block_has_review":false,"footnotes":""},"class_list":["post-321","page","type-page","status-publish","hentry"],"_links":{"self":[{"href":"http:\/\/fahrschule-kdl.com\/index.php?rest_route=\/wp\/v2\/pages\/321","targetHints":{"allow":["GET"]}}],"collection":[{"href":"http:\/\/fahrschule-kdl.com\/index.php?rest_route=\/wp\/v2\/pages"}],"about":[{"href":"http:\/\/fahrschule-kdl.com\/index.php?rest_route=\/wp\/v2\/types\/page"}],"author":[{"embeddable":true,"href":"http:\/\/fahrschule-kdl.com\/index.php?rest_route=\/wp\/v2\/users\/1"}],"replies":[{"embeddable":true,"href":"http:\/\/fahrschule-kdl.com\/index.php?rest_route=%2Fwp%2Fv2%2Fcomments&post=321"}],"version-history":[{"count":24,"href":"http:\/\/fahrschule-kdl.com\/index.php?rest_route=\/wp\/v2\/pages\/321\/revisions"}],"predecessor-version":[{"id":489,"href":"http:\/\/fahrschule-kdl.com\/index.php?rest_route=\/wp\/v2\/pages\/321\/revisions\/489"}],"up":[{"embeddable":true,"href":"http:\/\/fahrschule-kdl.com\/index.php?rest_route=\/wp\/v2\/pages\/178"}],"wp:attachment":[{"href":"http:\/\/fahrschule-kdl.com\/index.php?rest_route=%2Fwp%2Fv2%2Fmedia&parent=321"}],"curies":[{"name":"wp","href":"https:\/\/api.w.org\/{rel}","templated":true}]}}