{"id":510,"date":"2023-08-06T09:30:36","date_gmt":"2023-08-06T09:30:36","guid":{"rendered":"https:\/\/fahrschule-kdl.com\/?page_id=510"},"modified":"2025-05-03T12:24:48","modified_gmt":"2025-05-03T12:24:48","slug":"bkf-beschl-grundqualifikation-3-2","status":"publish","type":"page","link":"http:\/\/fahrschule-kdl.com\/?page_id=510","title":{"rendered":"Umsteiger Bef\u00e4higung von LKW auf Bus"},"content":{"rendered":"<div class=\"flex_column av_one_full  flex_column_div av-zero-column-padding first  avia-builder-el-0  avia-builder-el-no-sibling  \" style='border-radius:0px; '><p><div   data-size='featured'  data-lightbox_size='large'  data-animation='slide'  data-conditional_play=''  data-ids='526'  data-video_counter='0'  data-autoplay='false'  data-bg_slider='false'  data-slide_height=''  data-handle='av_slideshow'  data-interval='5'  data-class=' avia-builder-el-1  el_before_av_textblock  avia-builder-el-first  '  data-el_id=''  data-css_id=''  data-scroll_down=''  data-control_layout='av-control-default'  data-custom_markup=''  data-perma_caption=''  data-autoplay_stopper=''  data-image_attachment=''  data-min_height='0px'  data-lazy_loading='disabled'  data-default-height='28.666666666667'  class='avia-slideshow avia-slideshow-1  av-control-default av-default-height-applied avia-slideshow-featured av_slideshow  avia-builder-el-1  el_before_av_textblock  avia-builder-el-first   avia-slide-slider '  itemprop=\"image\" itemscope=\"itemscope\" itemtype=\"https:\/\/schema.org\/ImageObject\" ><ul class='avia-slideshow-inner ' style='padding-bottom: 33.59375%;' ><li  class=' av-single-slide slide-1 ' ><div data-rel='slideshow-1' class='avia-slide-wrap '   ><img decoding=\"async\" class=\"wp-image-526 avia-img-lazy-loading-not-526\"  src=\"http:\/\/fahrschule-kdl.com\/wp-content\/uploads\/2023\/09\/Bus-1280x430.jpg\" width=\"1280\" height=\"430\" title='Bus' alt=''  itemprop=\"thumbnailUrl\"   \/><\/div><\/li><\/ul><\/div><br \/>\n<section class=\"av_textblock_section \"  itemscope=\"itemscope\" itemtype=\"https:\/\/schema.org\/CreativeWork\" ><div class='avia_textblock  '   itemprop=\"text\" ><p><strong>Wir sind zertifiziert nach AZAV <\/strong><strong>und d\u00fcrfen Bildungsgutscheine der Agenturen annehmen!<\/strong><\/p>\n<p>Diese Ma\u00dfnahme erm\u00f6glicht den Umstieg G\u00fcterverkehr zum Personenverkehr. Wichtig ist das die Grundqualifikation f\u00fcr den G\u00fcterverkehr vorhanden ist. Abschlie\u00dfend muss eine Pr\u00fcfung bei der IHK in deutscher Sprache absolviert werden. Dauer der Ausbildung: 35 Stunden.<\/p>\n<p><strong>Veranstaltungsort:<\/strong><br \/>\nSteubenstra\u00dfe 12, 32312 L\u00fcbbecke<\/p>\n<\/div><\/section><\/p><\/div>\n","protected":false},"excerpt":{"rendered":"","protected":false},"author":1,"featured_media":0,"parent":237,"menu_order":29,"comment_status":"closed","ping_status":"closed","template":"","meta":{"_themeisle_gutenberg_block_has_review":false,"footnotes":""},"class_list":["post-510","page","type-page","status-publish","hentry"],"_links":{"self":[{"href":"http:\/\/fahrschule-kdl.com\/index.php?rest_route=\/wp\/v2\/pages\/510","targetHints":{"allow":["GET"]}}],"collection":[{"href":"http:\/\/fahrschule-kdl.com\/index.php?rest_route=\/wp\/v2\/pages"}],"about":[{"href":"http:\/\/fahrschule-kdl.com\/index.php?rest_route=\/wp\/v2\/types\/page"}],"author":[{"embeddable":true,"href":"http:\/\/fahrschule-kdl.com\/index.php?rest_route=\/wp\/v2\/users\/1"}],"replies":[{"embeddable":true,"href":"http:\/\/fahrschule-kdl.com\/index.php?rest_route=%2Fwp%2Fv2%2Fcomments&post=510"}],"version-history":[{"count":4,"href":"http:\/\/fahrschule-kdl.com\/index.php?rest_route=\/wp\/v2\/pages\/510\/revisions"}],"predecessor-version":[{"id":754,"href":"http:\/\/fahrschule-kdl.com\/index.php?rest_route=\/wp\/v2\/pages\/510\/revisions\/754"}],"up":[{"embeddable":true,"href":"http:\/\/fahrschule-kdl.com\/index.php?rest_route=\/wp\/v2\/pages\/237"}],"wp:attachment":[{"href":"http:\/\/fahrschule-kdl.com\/index.php?rest_route=%2Fwp%2Fv2%2Fmedia&parent=510"}],"curies":[{"name":"wp","href":"https:\/\/api.w.org\/{rel}","templated":true}]}}