{"id":777,"date":"2025-07-17T14:18:11","date_gmt":"2025-07-17T14:18:11","guid":{"rendered":"https:\/\/fahrschule-kdl.com\/?page_id=777"},"modified":"2025-07-21T10:37:17","modified_gmt":"2025-07-21T10:37:17","slug":"bkf-beschl-grundqualifikation-3-2-2","status":"publish","type":"page","link":"http:\/\/fahrschule-kdl.com\/?page_id=777","title":{"rendered":"Gabelstapler Ausbildung 2 Tage"},"content":{"rendered":"<div class=\"flex_column av_one_full  flex_column_div av-zero-column-padding first  avia-builder-el-0  avia-builder-el-no-sibling  \" style='border-radius:0px; '><p><div   data-size='featured'  data-lightbox_size='large'  data-animation='slide'  data-conditional_play=''  data-ids='782'  data-video_counter='0'  data-autoplay='false'  data-bg_slider='false'  data-slide_height=''  data-handle='av_slideshow'  data-interval='5'  data-class=' avia-builder-el-1  el_before_av_textblock  avia-builder-el-first  '  data-el_id=''  data-css_id=''  data-scroll_down=''  data-control_layout='av-control-default'  data-custom_markup=''  data-perma_caption=''  data-autoplay_stopper=''  data-image_attachment=''  data-min_height='0px'  data-lazy_loading='disabled'  data-default-height='28.666666666667'  class='avia-slideshow avia-slideshow-1  av-control-default av-default-height-applied avia-slideshow-featured av_slideshow  avia-builder-el-1  el_before_av_textblock  avia-builder-el-first   avia-slide-slider '  itemprop=\"image\" itemscope=\"itemscope\" itemtype=\"https:\/\/schema.org\/ImageObject\" ><ul class='avia-slideshow-inner ' style='padding-bottom: 28.666666666667%;' ><li  class=' av-single-slide slide-1 ' ><div data-rel='slideshow-1' class='avia-slide-wrap '   ><img decoding=\"async\" class=\"wp-image-782 avia-img-lazy-loading-not-782\"  src=\"http:\/\/fahrschule-kdl.com\/wp-content\/uploads\/2025\/07\/IMG_0960-1500x430.jpeg\" width=\"1500\" height=\"430\" title='IMG_0960' alt=''  itemprop=\"thumbnailUrl\"   \/><\/div><\/li><\/ul><\/div><br \/>\n<section class=\"av_textblock_section \"  itemscope=\"itemscope\" itemtype=\"https:\/\/schema.org\/CreativeWork\" ><div class='avia_textblock  '   itemprop=\"text\" ><h4 class=\"accordion-item-title-text leading-none font-bold text-gray-80\">Inhalte und Abschluss<\/h4>\n<div>\n<h3 class=\"font-semibold text-gray-80 text-sm mt-4\">Inhalte<\/h3>\n<p class=\"mt-1 mb-4 text-gray-80 text-sm\">Theorie und theoretische Pr\u00fcfung<br \/>\n&#8211; Rechtliche Grundlagen, Unfallgeschehen<br \/>\n&#8211; Aufbau und Funktion von Flurf\u00f6rderzeugen und Anbauger\u00e4ten, Antriebsarten<br \/>\n&#8211; Standsicherheit<br \/>\n&#8211; Betrieb allgemein, Regelm\u00e4\u00dfige Pr\u00fcfung<br \/>\n&#8211; Umgang mit Last, Sondereins\u00e4tze<br \/>\n&#8211; Verkehrsregeln \/ Verkehrswege, Praktisch Vorf\u00fchrungen am Gabelstapler<br \/>\n&#8211; Theoretische Pr\u00fcfung<\/p>\n<p class=\"mt-1 mb-4 text-gray-80 text-sm\">Praxis und praktische Pr\u00fcfung<br \/>\n&#8211; Fahr\u00fcbungen<br \/>\n&#8211; Praktische Pr\u00fcfung<\/p>\n<h6 class=\"font-semibold text-gray-80 text-sm mt-4\">Abschluss<\/h6>\n<p><strong>&#8211; Fahrausweis<\/strong><\/p>\n<\/div>\n<\/div><\/section><\/p><\/div>\n","protected":false},"excerpt":{"rendered":"","protected":false},"author":1,"featured_media":778,"parent":237,"menu_order":29,"comment_status":"closed","ping_status":"closed","template":"","meta":{"_themeisle_gutenberg_block_has_review":false,"footnotes":""},"class_list":["post-777","page","type-page","status-publish","has-post-thumbnail","hentry"],"_links":{"self":[{"href":"http:\/\/fahrschule-kdl.com\/index.php?rest_route=\/wp\/v2\/pages\/777","targetHints":{"allow":["GET"]}}],"collection":[{"href":"http:\/\/fahrschule-kdl.com\/index.php?rest_route=\/wp\/v2\/pages"}],"about":[{"href":"http:\/\/fahrschule-kdl.com\/index.php?rest_route=\/wp\/v2\/types\/page"}],"author":[{"embeddable":true,"href":"http:\/\/fahrschule-kdl.com\/index.php?rest_route=\/wp\/v2\/users\/1"}],"replies":[{"embeddable":true,"href":"http:\/\/fahrschule-kdl.com\/index.php?rest_route=%2Fwp%2Fv2%2Fcomments&post=777"}],"version-history":[{"count":4,"href":"http:\/\/fahrschule-kdl.com\/index.php?rest_route=\/wp\/v2\/pages\/777\/revisions"}],"predecessor-version":[{"id":786,"href":"http:\/\/fahrschule-kdl.com\/index.php?rest_route=\/wp\/v2\/pages\/777\/revisions\/786"}],"up":[{"embeddable":true,"href":"http:\/\/fahrschule-kdl.com\/index.php?rest_route=\/wp\/v2\/pages\/237"}],"wp:featuredmedia":[{"embeddable":true,"href":"http:\/\/fahrschule-kdl.com\/index.php?rest_route=\/wp\/v2\/media\/778"}],"wp:attachment":[{"href":"http:\/\/fahrschule-kdl.com\/index.php?rest_route=%2Fwp%2Fv2%2Fmedia&parent=777"}],"curies":[{"name":"wp","href":"https:\/\/api.w.org\/{rel}","templated":true}]}}