{"id":14,"date":"2020-08-27T09:31:54","date_gmt":"2020-08-27T09:31:54","guid":{"rendered":"http:\/\/fahrschule-kdl.com\/?page_id=14"},"modified":"2026-05-04T16:26:32","modified_gmt":"2026-05-04T16:26:32","slug":"home","status":"publish","type":"page","link":"https:\/\/fahrschule-kdl.com\/","title":{"rendered":"Home"},"content":{"rendered":"<div id='full_slider_1'  class='avia-fullwidth-slider main_color avia-shadow   avia-builder-el-0  el_before_av_heading  avia-builder-el-first   container_wrap fullsize' style=' '  ><div   data-size='featured'  data-lightbox_size='large'  data-animation='slide'  data-conditional_play=''  data-ids='895,876,654,709,832,45,526,46,48'  data-video_counter='0'  data-autoplay='false'  data-bg_slider='false'  data-slide_height=''  data-handle='av_slideshow_full'  data-interval='5'  data-class=' '  data-el_id=''  data-css_id=''  data-scroll_down=''  data-control_layout='av-control-default'  data-custom_markup=''  data-perma_caption=''  data-autoplay_stopper=''  data-image_attachment=''  data-min_height='0px'  data-lazy_loading='disabled'  data-src=''  data-position='top left'  data-repeat='no-repeat'  data-attach='scroll'  data-stretch=''  data-default-height='28.666666666667'  class='avia-slideshow avia-slideshow-1  av-control-default av-default-height-applied avia-slideshow-featured av_slideshow_full   avia-slide-slider '  itemprop=\"image\" itemscope=\"itemscope\" itemtype=\"https:\/\/schema.org\/ImageObject\" ><ul class='avia-slideshow-inner ' style='padding-bottom: 28.666666666667%;' ><li  class=' slide-1 ' ><div data-rel='slideshow-1' class='avia-slide-wrap '   ><img decoding=\"async\" class=\"wp-image-895 avia-img-lazy-loading-not-895\"  src=\"https:\/\/fahrschule-kdl.com\/wp-content\/uploads\/2026\/05\/Bildschirmfoto-2026-05-04-um-18.21.45-1500x430.png\" width=\"1500\" height=\"430\" title='Bildschirmfoto 2026-05-04 um 18.21.45' alt=''  itemprop=\"thumbnailUrl\"   \/><\/div><\/li><li  class=' slide-2 ' ><div data-rel='slideshow-1' class='avia-slide-wrap '   ><img decoding=\"async\" class=\"wp-image-876 avia-img-lazy-loading-not-876\"  src=\"https:\/\/fahrschule-kdl.com\/wp-content\/uploads\/2026\/03\/f22fa2ad-240c-4a4e-984a-a71f7d926e70-1500x430.jpeg\" width=\"1500\" height=\"430\" title='f22fa2ad-240c-4a4e-984a-a71f7d926e70' alt=''  itemprop=\"thumbnailUrl\"   \/><\/div><\/li><li  class=' slide-3 ' ><div data-rel='slideshow-1' class='avia-slide-wrap '   ><img decoding=\"async\" class=\"wp-image-654 avia-img-lazy-loading-not-654\"  src=\"https:\/\/fahrschule-kdl.com\/wp-content\/uploads\/2024\/06\/WhatsApp-Image-2024-06-06-at-14.17.23-1500x430.jpeg\" width=\"1500\" height=\"430\" title='WhatsApp Image 2024-06-06 at 14.17.23' alt=''  itemprop=\"thumbnailUrl\"   \/><\/div><\/li><li  class=' slide-4 ' ><div data-rel='slideshow-1' class='avia-slide-wrap '   ><img decoding=\"async\" class=\"wp-image-709 avia-img-lazy-loading-not-709\"  src=\"https:\/\/fahrschule-kdl.com\/wp-content\/uploads\/2024\/12\/Bildschirmfoto-2024-12-29-um-16.07.32-1500x430.png\" width=\"1500\" height=\"430\" title='Bildschirmfoto 2024-12-29 um 16.07.32' alt=''  itemprop=\"thumbnailUrl\"   \/><\/div><\/li><li  class=' slide-5 ' ><div data-rel='slideshow-1' class='avia-slide-wrap '   ><img decoding=\"async\" class=\"wp-image-832 avia-img-lazy-loading-not-832\"  src=\"https:\/\/fahrschule-kdl.com\/wp-content\/uploads\/2025\/11\/DB47D112-18BA-49C5-9963-4AB2A747312B-1500x430.jpeg\" width=\"1500\" height=\"430\" title='DB47D112-18BA-49C5-9963-4AB2A747312B' alt=''  itemprop=\"thumbnailUrl\"   \/><\/div><\/li><li  class=' slide-6 ' ><div data-rel='slideshow-1' class='avia-slide-wrap '   ><img decoding=\"async\" class=\"wp-image-45 avia-img-lazy-loading-not-45\"  src=\"https:\/\/fahrschule-kdl.com\/wp-content\/uploads\/2020\/08\/slider-home2-1500x430.jpg\" width=\"1500\" height=\"430\" title='slider-home2' alt=''  itemprop=\"thumbnailUrl\" srcset=\"https:\/\/fahrschule-kdl.com\/wp-content\/uploads\/2020\/08\/slider-home2.jpg 1500w, https:\/\/fahrschule-kdl.com\/wp-content\/uploads\/2020\/08\/slider-home2-300x86.jpg 300w, https:\/\/fahrschule-kdl.com\/wp-content\/uploads\/2020\/08\/slider-home2-1030x295.jpg 1030w, https:\/\/fahrschule-kdl.com\/wp-content\/uploads\/2020\/08\/slider-home2-768x220.jpg 768w, https:\/\/fahrschule-kdl.com\/wp-content\/uploads\/2020\/08\/slider-home2-705x202.jpg 705w\" sizes=\"(max-width: 1500px) 100vw, 1500px\" \/><\/div><\/li><li  class=' slide-7 ' ><div data-rel='slideshow-1' class='avia-slide-wrap '   ><img decoding=\"async\" class=\"wp-image-526 avia-img-lazy-loading-not-526\"  src=\"https:\/\/fahrschule-kdl.com\/wp-content\/uploads\/2023\/09\/Bus-1280x430.jpg\" width=\"1280\" height=\"430\" title='Bus' alt=''  itemprop=\"thumbnailUrl\"   \/><\/div><\/li><li  class=' slide-8 ' ><div data-rel='slideshow-1' class='avia-slide-wrap '   ><img decoding=\"async\" class=\"wp-image-46 avia-img-lazy-loading-not-46\"  src=\"https:\/\/fahrschule-kdl.com\/wp-content\/uploads\/2020\/08\/slider-home3-1500x430.jpg\" width=\"1500\" height=\"430\" title='slider-home3' alt=''  itemprop=\"thumbnailUrl\" srcset=\"https:\/\/fahrschule-kdl.com\/wp-content\/uploads\/2020\/08\/slider-home3.jpg 1500w, https:\/\/fahrschule-kdl.com\/wp-content\/uploads\/2020\/08\/slider-home3-300x86.jpg 300w, https:\/\/fahrschule-kdl.com\/wp-content\/uploads\/2020\/08\/slider-home3-1030x295.jpg 1030w, https:\/\/fahrschule-kdl.com\/wp-content\/uploads\/2020\/08\/slider-home3-768x220.jpg 768w, https:\/\/fahrschule-kdl.com\/wp-content\/uploads\/2020\/08\/slider-home3-705x202.jpg 705w\" sizes=\"(max-width: 1500px) 100vw, 1500px\" \/><\/div><\/li><li  class=' slide-9 ' ><div data-rel='slideshow-1' class='avia-slide-wrap '   ><img decoding=\"async\" class=\"wp-image-48 avia-img-lazy-loading-not-48\"  src=\"https:\/\/fahrschule-kdl.com\/wp-content\/uploads\/2020\/08\/slider-home5-1500x430.jpg\" width=\"1500\" height=\"430\" title='slider-home5' alt=''  itemprop=\"thumbnailUrl\" srcset=\"https:\/\/fahrschule-kdl.com\/wp-content\/uploads\/2020\/08\/slider-home5.jpg 1500w, https:\/\/fahrschule-kdl.com\/wp-content\/uploads\/2020\/08\/slider-home5-300x86.jpg 300w, https:\/\/fahrschule-kdl.com\/wp-content\/uploads\/2020\/08\/slider-home5-1030x295.jpg 1030w, https:\/\/fahrschule-kdl.com\/wp-content\/uploads\/2020\/08\/slider-home5-768x220.jpg 768w, https:\/\/fahrschule-kdl.com\/wp-content\/uploads\/2020\/08\/slider-home5-705x202.jpg 705w\" sizes=\"(max-width: 1500px) 100vw, 1500px\" \/><\/div><\/li><\/ul><div class='avia-slideshow-arrows avia-slideshow-controls'><a href='#prev' class='prev-slide' aria-hidden='true' data-av_icon='\ue87c' data-av_iconfont='entypo-fontello'>Zur\u00fcck<\/a><a href='#next' class='next-slide' aria-hidden='true' data-av_icon='\ue87d' data-av_iconfont='entypo-fontello'>Weiter<\/a><\/div><div class='avia-slideshow-dots avia-slideshow-controls'><a href='#1' class='goto-slide active' >1<\/a><a href='#2' class='goto-slide ' >2<\/a><a href='#3' class='goto-slide ' >3<\/a><a href='#4' class='goto-slide ' >4<\/a><a href='#5' class='goto-slide ' >5<\/a><a href='#6' class='goto-slide ' >6<\/a><a href='#7' class='goto-slide ' >7<\/a><a href='#8' class='goto-slide ' >8<\/a><a href='#9' class='goto-slide ' >9<\/a><\/div><\/div><\/div><div id='after_full_slider_1'  class='main_color av_default_container_wrap container_wrap fullsize' style=' '  ><div class='container' ><div class='template-page content  av-content-full alpha units'><div class='post-entry post-entry-type-page post-entry-14'><div class='entry-content-wrapper clearfix'>\n<div  style='padding-bottom:10px; ' class='av-special-heading av-special-heading-h2  blockquote modern-quote modern-centered  avia-builder-el-1  el_after_av_slideshow_full  el_before_av_hr  avia-builder-el-first  '><h2 class='av-special-heading-tag '  itemprop=\"headline\"  >Die Fahrschule im Altkreis L\u00fcbbecke und Kreis Wittlage, zertifiziert nach AZAV!<\/h2><div class='special-heading-border'><div class='special-heading-inner-border' ><\/div><\/div><\/div>\n<div   class='hr hr-default   avia-builder-el-2  el_after_av_heading  el_before_av_one_fourth '><span class='hr-inner ' ><span class='hr-inner-style'><\/span><\/span><\/div>\n<div class=\"flex_column av_one_fourth  flex_column_div av-zero-column-padding first  avia-builder-el-3  el_after_av_hr  el_before_av_one_fourth  \" style='border-radius:0px; '><span  class=\"av_font_icon avia_animate_when_visible av-icon-style-border  avia-icon-pos-center \" style=\"color:#666666; border-color:#666666;\"><span class='av-icon-char' style='font-size:40px;line-height:40px;width:40px;' aria-hidden='true' data-av_icon='\ue812' data-av_iconfont='entypo-fontello' ><\/span><span class='av_icon_caption av-special-font'>F\u00fchrerscheinausbildung aller Klassen<\/span><\/span><\/div>\n<div class=\"flex_column av_one_fourth  flex_column_div av-zero-column-padding   avia-builder-el-5  el_after_av_one_fourth  el_before_av_one_fourth  \" style='border-radius:0px; '><span  class=\"av_font_icon avia_animate_when_visible avia-icon-animate  av-icon-style-border  avia-icon-pos-center \" style=\"color:#666666; border-color:#666666;\"><span class='av-icon-char' style='font-size:40px;line-height:40px;width:40px;' aria-hidden='true' data-av_icon='\ue812' data-av_iconfont='entypo-fontello' ><\/span><span class='av_icon_caption av-special-font'>Berufskraftfahrer-Aus- und Weiterbildung mit Bildungsgutschein<\/span><\/span><\/div>\n<div class=\"flex_column av_one_fourth  flex_column_div av-zero-column-padding   avia-builder-el-7  el_after_av_one_fourth  el_before_av_one_fourth  \" style='border-radius:0px; '><span  class=\"av_font_icon avia_animate_when_visible avia-icon-animate  av-icon-style-border  avia-icon-pos-center \" style=\"color:#666666; border-color:#666666;\"><span class='av-icon-char' style='font-size:40px;line-height:40px;width:40px;' aria-hidden='true' data-av_icon='\ue812' data-av_iconfont='entypo-fontello' ><\/span><span class='av_icon_caption av-special-font'>MPU-Beratung<\/span><\/span><\/div>\n<div class=\"flex_column av_one_fourth  flex_column_div av-zero-column-padding   avia-builder-el-9  el_after_av_one_fourth  el_before_av_hr  \" style='border-radius:0px; '><span  class=\"av_font_icon avia_animate_when_visible avia-icon-animate  av-icon-style-border  avia-icon-pos-center \" style=\"color:#666666; border-color:#666666;\"><span class='av-icon-char' style='font-size:40px;line-height:40px;width:40px;' aria-hidden='true' data-av_icon='\ue812' data-av_iconfont='entypo-fontello' data-avia-icon-tooltip=\"&lt;br \/&gt;\nF\u00fcr Fahranf\u00e4nger und Fahreignungsseminare&lt;br \/&gt;\n\"><\/span><span class='av_icon_caption av-special-font'>Aufbauseminare<\/span><\/span><\/div>\n<div   class='hr hr-default   avia-builder-el-11  el_after_av_one_fourth  el_before_av_heading '><span class='hr-inner ' ><span class='hr-inner-style'><\/span><\/span><\/div>\n<div  style='padding-bottom:10px; ' class='av-special-heading av-special-heading-h2  blockquote modern-quote modern-centered  avia-builder-el-12  el_after_av_hr  el_before_av_hr  '><h2 class='av-special-heading-tag '  itemprop=\"headline\"  >Deine Vorteile auf einem Blick:<\/h2><div class='special-heading-border'><div class='special-heading-inner-border' ><\/div><\/div><\/div>\n<div   class='hr hr-default   avia-builder-el-13  el_after_av_heading  el_before_av_one_half '><span class='hr-inner ' ><span class='hr-inner-style'><\/span><\/span><\/div>\n<div class=\"flex_column av_one_half  flex_column_div av-zero-column-padding first  avia-builder-el-14  el_after_av_hr  el_before_av_one_half  \" style='border-radius:0px; '><div  class='avia-icon-list-container   avia-builder-el-15  avia-builder-el-no-sibling '><ul class='avia-icon-list avia-icon-list-left av-iconlist-big avia_animate_when_almost_visible avia-iconlist-animate'>\n<li><div  class='iconlist_icon  avia-font-entypo-fontello'><span class='iconlist-char ' aria-hidden='true' data-av_icon='\ue812' data-av_iconfont='entypo-fontello'><\/span><\/div><article class=\"article-icon-entry \"  itemscope=\"itemscope\" itemtype=\"https:\/\/schema.org\/CreativeWork\" ><div class='iconlist_content_wrap'><header class=\"entry-content-header\"><h4 class='av_iconlist_title iconlist_title   '  itemprop=\"headline\"  >Beratung<\/h4><\/header><div class='iconlist_content  '  itemprop=\"text\"  ><p>individuell und unverbindlich<\/p>\n<\/div><\/div><footer class=\"entry-footer\"><\/footer><\/article><div class='iconlist-timeline'><\/div><\/li>\n<li><div  class='iconlist_icon  avia-font-entypo-fontello'><span class='iconlist-char ' aria-hidden='true' data-av_icon='\ue812' data-av_iconfont='entypo-fontello'><\/span><\/div><article class=\"article-icon-entry \"  itemscope=\"itemscope\" itemtype=\"https:\/\/schema.org\/CreativeWork\" ><div class='iconlist_content_wrap'><header class=\"entry-content-header\"><h4 class='av_iconlist_title iconlist_title   '  itemprop=\"headline\"  >kompakte Ausbildung<\/h4><\/header><div class='iconlist_content  '  itemprop=\"text\"  ><p>F\u00fchrerscheinausbildung in 14 Tagen m\u00f6glich<\/p>\n<\/div><\/div><footer class=\"entry-footer\"><\/footer><\/article><div class='iconlist-timeline'><\/div><\/li>\n<li><div  class='iconlist_icon  avia-font-entypo-fontello'><span class='iconlist-char ' aria-hidden='true' data-av_icon='\ue812' data-av_iconfont='entypo-fontello'><\/span><\/div><article class=\"article-icon-entry \"  itemscope=\"itemscope\" itemtype=\"https:\/\/schema.org\/CreativeWork\" ><div class='iconlist_content_wrap'><header class=\"entry-content-header\"><h4 class='av_iconlist_title iconlist_title   '  itemprop=\"headline\"  >Event-Fahrten<\/h4><\/header><div class='iconlist_content  '  itemprop=\"text\"  ><p>f\u00fcr mehr Abwechslung kombinieren wir Sonderfahrten zu verschiedenen Zielen<\/p>\n<\/div><\/div><footer class=\"entry-footer\"><\/footer><\/article><div class='iconlist-timeline'><\/div><\/li>\n<\/ul><\/div><\/div>\n<div class=\"flex_column av_one_half  flex_column_div av-zero-column-padding   avia-builder-el-16  el_after_av_one_half  el_before_av_hr  \" style='border-radius:0px; '><div  class='avia-icon-list-container   avia-builder-el-17  avia-builder-el-no-sibling '><ul class='avia-icon-list avia-icon-list-left av-iconlist-big avia_animate_when_almost_visible avia-iconlist-animate'>\n<li><div  class='iconlist_icon  avia-font-entypo-fontello'><span class='iconlist-char ' aria-hidden='true' data-av_icon='\ue812' data-av_iconfont='entypo-fontello'><\/span><\/div><article class=\"article-icon-entry \"  itemscope=\"itemscope\" itemtype=\"https:\/\/schema.org\/CreativeWork\" ><div class='iconlist_content_wrap'><header class=\"entry-content-header\"><h4 class='av_iconlist_title iconlist_title   '  itemprop=\"headline\"  >vertreten an sechs Standorten<\/h4><\/header><div class='iconlist_content  '  itemprop=\"text\"  ><p>4 mal Theorie Unterricht m\u00f6glich<\/p>\n<\/div><\/div><footer class=\"entry-footer\"><\/footer><\/article><div class='iconlist-timeline'><\/div><\/li>\n<li><div  class='iconlist_icon  avia-font-entypo-fontello'><span class='iconlist-char ' aria-hidden='true' data-av_icon='\ue812' data-av_iconfont='entypo-fontello'><\/span><\/div><article class=\"article-icon-entry \"  itemscope=\"itemscope\" itemtype=\"https:\/\/schema.org\/CreativeWork\" ><div class='iconlist_content_wrap'><header class=\"entry-content-header\"><h4 class='av_iconlist_title iconlist_title   '  itemprop=\"headline\"  >kein Papierkrieg<\/h4><\/header><div class='iconlist_content  '  itemprop=\"text\"  ><p>wir \u00fcbernehmen die Beh\u00f6rdeng\u00e4nge f\u00fcr Dich<\/p>\n<\/div><\/div><footer class=\"entry-footer\"><\/footer><\/article><div class='iconlist-timeline'><\/div><\/li>\n<li><div  class='iconlist_icon  avia-font-entypo-fontello'><span class='iconlist-char ' aria-hidden='true' data-av_icon='\ue812' data-av_iconfont='entypo-fontello'><\/span><\/div><article class=\"article-icon-entry \"  itemscope=\"itemscope\" itemtype=\"https:\/\/schema.org\/CreativeWork\" ><div class='iconlist_content_wrap'><header class=\"entry-content-header\"><h4 class='av_iconlist_title iconlist_title   '  itemprop=\"headline\"  >Ausbildungsbeginn jederzeit m\u00f6glich<\/h4><\/header><div class='iconlist_content  '  itemprop=\"text\"  ><p>keine festen Kursbeginne<\/p>\n<\/div><\/div><footer class=\"entry-footer\"><\/footer><\/article><div class='iconlist-timeline'><\/div><\/li>\n<\/ul><\/div><\/div>\n<div   class='hr hr-default   avia-builder-el-18  el_after_av_one_half  el_before_av_one_third '><span class='hr-inner ' ><span class='hr-inner-style'><\/span><\/span><\/div>\n<div class=\"flex_column av_one_third  flex_column_div av-zero-column-padding first  avia-builder-el-19  el_after_av_hr  el_before_av_one_third  \" style='border-radius:0px; '><div  class='avia-button-wrap avia-button-center  avia-builder-el-20  avia-builder-el-no-sibling ' ><a href='http:\/\/fahrschule-kdl.com\/?page_id=379' class='avia-button avia-button-fullwidth  avia-font-color-theme-color avia-icon_select-no avia-color-custom '  target=\"_blank\"  rel=\"noopener noreferrer\" style='background-color:#333333; ' ><span class='avia_iconbox_title' >Online-Anmeldung<\/span><span class='avia_button_background avia-button avia-button-fullwidth avia-color-theme-color-highlight' ><\/span><\/a><\/div><\/div>\n<div class=\"flex_column av_one_third  flex_column_div av-zero-column-padding   avia-builder-el-21  el_after_av_one_third  el_before_av_one_third  \" style='border-radius:0px; '><div  class='avia-button-wrap avia-button-center  avia-builder-el-22  avia-builder-el-no-sibling ' ><a href='http:\/\/fahrschule-kdl.com\/?page_id=283' class='avia-button avia-button-fullwidth  avia-font-color-theme-color avia-icon_select-no avia-color-custom '  style='background-color:#333333; ' ><span class='avia_iconbox_title' >Kontaktformular<\/span><span class='avia_button_background avia-button avia-button-fullwidth avia-color-theme-color-highlight' ><\/span><\/a><\/div><\/div>\n<div class=\"flex_column av_one_third  flex_column_div av-zero-column-padding   avia-builder-el-23  el_after_av_one_third  el_before_av_one_third  \" style='border-radius:0px; '><div  class='avia-button-wrap avia-button-center  avia-builder-el-24  avia-builder-el-no-sibling ' ><a href='http:\/\/fahrschule-kdl.com\/?page_id=166' class='avia-button avia-button-fullwidth  avia-font-color-theme-color avia-icon_select-no avia-color-custom '  style='background-color:#333333; ' ><span class='avia_iconbox_title' >BF17<\/span><span class='avia_button_background avia-button avia-button-fullwidth avia-color-theme-color-highlight' ><\/span><\/a><\/div><\/div>\n<div class=\"flex_column av_one_third  flex_column_div av-zero-column-padding first  avia-builder-el-25  el_after_av_one_third  el_before_av_one_third  column-top-margin\" style='border-radius:0px; '><div  class='avia-button-wrap avia-button-center  avia-builder-el-26  avia-builder-el-no-sibling ' ><a href='http:\/\/fahrschule-kdl.com\/?page_id=138' class='avia-button avia-button-fullwidth  avia-font-color-theme-color avia-icon_select-no avia-color-custom '  style='background-color:#333333; ' ><span class='avia_iconbox_title' >Team<\/span><span class='avia_button_background avia-button avia-button-fullwidth avia-color-theme-color-highlight' ><\/span><\/a><\/div><\/div>\n<div class=\"flex_column av_one_third  flex_column_div av-zero-column-padding   avia-builder-el-27  el_after_av_one_third  el_before_av_one_third  column-top-margin\" style='border-radius:0px; '><div  class='avia-button-wrap avia-button-center  avia-builder-el-28  avia-builder-el-no-sibling ' ><a href='http:\/\/fahrschule-kdl.com\/?page_id=168' class='avia-button avia-button-fullwidth  avia-font-color-theme-color avia-icon_select-no avia-color-custom '  style='background-color:#333333; ' ><span class='avia_iconbox_title' >Unterrichtszeiten<\/span><span class='avia_button_background avia-button avia-button-fullwidth avia-color-theme-color-highlight' ><\/span><\/a><\/div><\/div>\n<div class=\"flex_column av_one_third  flex_column_div av-zero-column-padding   avia-builder-el-29  el_after_av_one_third  el_before_av_hr  column-top-margin\" style='border-radius:0px; '><div  class='avia-button-wrap avia-button-center  avia-builder-el-30  avia-builder-el-no-sibling ' ><a href='http:\/\/fahrschule-kdl.com\/?page_id=237' class='avia-button avia-button-fullwidth  avia-font-color-theme-color avia-icon_select-no avia-color-custom '  style='background-color:#333333; ' ><span class='avia_iconbox_title' >Berufskraftfahrer Module<\/span><span class='avia_button_background avia-button avia-button-fullwidth avia-color-theme-color-highlight' ><\/span><\/a><\/div><\/div>\n<div   class='hr hr-default   avia-builder-el-31  el_after_av_one_third  avia-builder-el-last '><span class='hr-inner ' ><span class='hr-inner-style'><\/span><\/span><\/div>\n","protected":false},"excerpt":{"rendered":"","protected":false},"author":1,"featured_media":0,"parent":0,"menu_order":3,"comment_status":"closed","ping_status":"closed","template":"","meta":{"_themeisle_gutenberg_block_has_review":false,"footnotes":""},"class_list":["post-14","page","type-page","status-publish","hentry"],"_links":{"self":[{"href":"https:\/\/fahrschule-kdl.com\/index.php?rest_route=\/wp\/v2\/pages\/14","targetHints":{"allow":["GET"]}}],"collection":[{"href":"https:\/\/fahrschule-kdl.com\/index.php?rest_route=\/wp\/v2\/pages"}],"about":[{"href":"https:\/\/fahrschule-kdl.com\/index.php?rest_route=\/wp\/v2\/types\/page"}],"author":[{"embeddable":true,"href":"https:\/\/fahrschule-kdl.com\/index.php?rest_route=\/wp\/v2\/users\/1"}],"replies":[{"embeddable":true,"href":"https:\/\/fahrschule-kdl.com\/index.php?rest_route=%2Fwp%2Fv2%2Fcomments&post=14"}],"version-history":[{"count":144,"href":"https:\/\/fahrschule-kdl.com\/index.php?rest_route=\/wp\/v2\/pages\/14\/revisions"}],"predecessor-version":[{"id":896,"href":"https:\/\/fahrschule-kdl.com\/index.php?rest_route=\/wp\/v2\/pages\/14\/revisions\/896"}],"wp:attachment":[{"href":"https:\/\/fahrschule-kdl.com\/index.php?rest_route=%2Fwp%2Fv2%2Fmedia&parent=14"}],"curies":[{"name":"wp","href":"https:\/\/api.w.org\/{rel}","templated":true}]}}