{"id":176,"date":"2020-08-27T14:47:42","date_gmt":"2020-08-27T14:47:42","guid":{"rendered":"http:\/\/fahrschule-kdl.com\/?page_id=176"},"modified":"2020-09-01T09:30:19","modified_gmt":"2020-09-01T09:30:19","slug":"fit-fuer-die-pruefung","status":"publish","type":"page","link":"https:\/\/fahrschule-kdl.com\/?page_id=176","title":{"rendered":"Fit f\u00fcr die Pr\u00fcfung"},"content":{"rendered":"<div class=\"flex_column av_one_full  flex_column_div av-zero-column-padding first  avia-builder-el-0  el_before_av_one_full  avia-builder-el-first  \" style='border-radius:0px; '><div   data-size='entry_without_sidebar'  data-lightbox_size='large'  data-animation='slide'  data-conditional_play=''  data-ids='209'  data-video_counter='0'  data-autoplay='false'  data-bg_slider='false'  data-slide_height=''  data-handle='av_slideshow'  data-interval='5'  data-class=' avia-builder-el-1  avia-builder-el-no-sibling  '  data-el_id=''  data-css_id=''  data-scroll_down=''  data-control_layout='av-control-default'  data-custom_markup=''  data-perma_caption='aviaTBperma_caption'  data-autoplay_stopper=''  data-image_attachment=''  data-min_height='0px'  data-lazy_loading='disabled'  data-default-height='34.95867768595'  class='avia-slideshow avia-slideshow-1  av-control-default av-default-height-applied avia-slideshow-entry_without_sidebar av_slideshow  avia-builder-el-1  avia-builder-el-no-sibling   avia-slide-slider '  itemprop=\"image\" itemscope=\"itemscope\" itemtype=\"https:\/\/schema.org\/ImageObject\" ><ul class='avia-slideshow-inner ' style='padding-bottom: 31.25%;' ><li  class=' av-single-slide slide-1 ' ><div data-rel='slideshow-1' class='avia-slide-wrap '   ><img decoding=\"async\" class=\"wp-image-209 avia-img-lazy-loading-not-209\"  src=\"https:\/\/fahrschule-kdl.com\/wp-content\/uploads\/2020\/08\/featured_header_der1schritt.jpg\" width=\"960\" height=\"300\" title='featured_header_der1schritt' alt=''  itemprop=\"thumbnailUrl\" srcset=\"https:\/\/fahrschule-kdl.com\/wp-content\/uploads\/2020\/08\/featured_header_der1schritt.jpg 960w, https:\/\/fahrschule-kdl.com\/wp-content\/uploads\/2020\/08\/featured_header_der1schritt-300x94.jpg 300w, https:\/\/fahrschule-kdl.com\/wp-content\/uploads\/2020\/08\/featured_header_der1schritt-768x240.jpg 768w, https:\/\/fahrschule-kdl.com\/wp-content\/uploads\/2020\/08\/featured_header_der1schritt-705x220.jpg 705w\" sizes=\"(max-width: 960px) 100vw, 960px\" \/><\/div><\/li><\/ul><\/div><\/div><div class=\"flex_column av_one_full  flex_column_div av-zero-column-padding first  avia-builder-el-2  el_after_av_one_full  avia-builder-el-last  column-top-margin\" style='border-radius:0px; '><section class=\"av_textblock_section \"  itemscope=\"itemscope\" itemtype=\"https:\/\/schema.org\/CreativeWork\" ><div class='avia_textblock  '   itemprop=\"text\" ><ul>\n<li>Alle Unterlagen die Du f\u00fcr die praktische Pr\u00fcfung ben\u00f6tigst, am besten einen Tag vorher bereit legen. Ganz wichtig: Personalausweis nicht vergessen, dieser ist zwingend notwendig!<\/li>\n<li>Bei der theoretischen Pr\u00fcfung ebenfalls einen g\u00fcltigen Personalausweis mitbringen und die Ausbildungsbescheinigung (bekommst Du von der Fahrschule)!<\/li>\n<li>Versuch Dich abzulenken, unternimm etwas mit Freunden, damit Du nicht permanent an die Pr\u00fcfung denkst.<\/li>\n<li>Am Vorabend auf Alkohol und\/oder Medikamente (aufgrund evtl. auftretender Nachwirkungen) verzichten, ebenso vor der Pr\u00fcfung.<\/li>\n<li>Ausgeruht und p\u00fcnktlich zum Termin erscheinen, am besten 15 Minuten vorher. Ein hektisches Ankommen auf die letzte Minute erh\u00f6ht Dein Stressrisiko und erh\u00f6ht evtl. Deine Fehlerquote beim Fahren<\/li>\n<li>Prob den \u201eErnstfall\u201c mit Deinen Fahrlehrer, denn dieser wei\u00df genau was auf Dich zukommt und kann Dir sicherlich weitere n\u00fctzliche Tips geben<\/li>\n<li>Leg den Pr\u00fcfungstermin auf einen Tag, an dem Du ausreichend Zeit hast. Weitere wichtige Termine am selben Tag, setzen Dich zus\u00e4tzlich unter Druck<\/li>\n<li>Bequem kleiden und das richtige Schuhwerk tragen. Bei einer Motorradpr\u00fcfung Schutzkleidung nicht vergessen!<\/li>\n<li>Handy ausschalten!<\/li>\n<li>Erz\u00e4hl in Deinem Umfeld nicht zu vielen Personen von Deiner bevorstehenden Pr\u00fcfung. Das baut zus\u00e4tzlichen Druck auf.<\/li>\n<\/ul>\n<\/div><\/section><\/div><\/p>\n","protected":false},"excerpt":{"rendered":"","protected":false},"author":1,"featured_media":0,"parent":178,"menu_order":8,"comment_status":"closed","ping_status":"closed","template":"","meta":{"_themeisle_gutenberg_block_has_review":false,"footnotes":""},"class_list":["post-176","page","type-page","status-publish","hentry"],"_links":{"self":[{"href":"https:\/\/fahrschule-kdl.com\/index.php?rest_route=\/wp\/v2\/pages\/176","targetHints":{"allow":["GET"]}}],"collection":[{"href":"https:\/\/fahrschule-kdl.com\/index.php?rest_route=\/wp\/v2\/pages"}],"about":[{"href":"https:\/\/fahrschule-kdl.com\/index.php?rest_route=\/wp\/v2\/types\/page"}],"author":[{"embeddable":true,"href":"https:\/\/fahrschule-kdl.com\/index.php?rest_route=\/wp\/v2\/users\/1"}],"replies":[{"embeddable":true,"href":"https:\/\/fahrschule-kdl.com\/index.php?rest_route=%2Fwp%2Fv2%2Fcomments&post=176"}],"version-history":[{"count":6,"href":"https:\/\/fahrschule-kdl.com\/index.php?rest_route=\/wp\/v2\/pages\/176\/revisions"}],"predecessor-version":[{"id":214,"href":"https:\/\/fahrschule-kdl.com\/index.php?rest_route=\/wp\/v2\/pages\/176\/revisions\/214"}],"up":[{"embeddable":true,"href":"https:\/\/fahrschule-kdl.com\/index.php?rest_route=\/wp\/v2\/pages\/178"}],"wp:attachment":[{"href":"https:\/\/fahrschule-kdl.com\/index.php?rest_route=%2Fwp%2Fv2%2Fmedia&parent=176"}],"curies":[{"name":"wp","href":"https:\/\/api.w.org\/{rel}","templated":true}]}}